{"id":3307,"date":"2025-08-31T15:32:49","date_gmt":"2025-08-31T13:32:49","guid":{"rendered":"https:\/\/fts.you2.pl\/index.php\/produkt\/koszulka-pilkarska-hiszpania-2009-10-home-158-cm\/"},"modified":"2025-09-19T18:26:08","modified_gmt":"2025-09-19T16:26:08","slug":"koszulka-pilkarska-hiszpania-2009-10-home-158-cm","status":"publish","type":"product","link":"https:\/\/fts.you2.pl\/en\/koszulka-pilkarska-hiszpania-2009-10-home-158-cm\/","title":{"rendered":"Koszulka pi\u0142karska Hiszpania 2009\/10 Home [158 cm]"},"content":{"rendered":"<p><strong>Klub:<\/strong> Hiszpania<\/p>\n<p><strong>Sezon:<\/strong> 2009\/10 Home<\/p>\n<p><strong>Rozmiar: <\/strong>158 cm<\/p>\n<p><strong>Stan:<\/strong> Bardzo dobry &#8211; starta nalepka z rozmiarem oraz 'climacool&#8217; na froncie.<\/p>\n<p><strong>Wymiary (szeroko\u015b\u0107 pod pachami\/d\u0142ugo\u015b\u0107) w cm: <\/strong>44\/59<\/p>","protected":false},"excerpt":{"rendered":"<p data-start=\"0\" data-end=\"97\"><strong data-start=\"0\" data-end=\"95\">Oryginalna koszulka pi\u0142karska reprezentacji Hiszpanii z sezonu 2009\/10 \u2013 produkcji Adidasa.<\/strong><\/p>\n<p data-start=\"99\" data-end=\"506\">Ta <strong data-start=\"102\" data-end=\"173\">oryginalna domowa koszulka reprezentacji Hiszpanii z sezonu 2009\/10<\/strong>, wyprodukowana przez <strong data-start=\"195\" data-end=\"206\">Adidasa<\/strong>, to m\u0142odzie\u017cowy model na wzrost <strong data-start=\"239\" data-end=\"249\">158 cm<\/strong>, zaprojektowany w klasycznej dla \u201eLa Roja\u201d <strong data-start=\"293\" data-end=\"312\">czerwonej bazie<\/strong>. Jej charakterystycznym elementem jest dynamiczny, <strong data-start=\"364\" data-end=\"407\">zakrzywiony pas w kolorze \u017c\u00f3\u0142to-czarnym<\/strong>, biegn\u0105cy od piersi a\u017c po d\u00f3\u0142 koszulki, kt\u00f3ry nadaje trykotowi nowoczesnego i odwa\u017cnego wygl\u0105du.<\/p>\n<p data-start=\"508\" data-end=\"969\">Na froncie znalaz\u0142y si\u0119: <strong data-start=\"533\" data-end=\"583\">herb hiszpa\u0144skiej federacji pi\u0142karskiej (RFEF)<\/strong>, logo <strong data-start=\"590\" data-end=\"601\">Adidasa<\/strong> oraz znak autentyczno\u015bci producenta. Dodatkowo, na ramionach umieszczono <strong data-start=\"675\" data-end=\"715\">trzy charakterystyczne paski Adidasa<\/strong> w kolorze \u017c\u00f3\u0142tym, doskonale kontrastuj\u0105ce z czerwonym t\u0142em. Koszulka zosta\u0142a wykonana w technologii <strong data-start=\"816\" data-end=\"836\">Adidas ClimaCool<\/strong>, kt\u00f3ra zapewnia\u0142a <strong data-start=\"855\" data-end=\"890\">lekko\u015b\u0107, przewiewno\u015b\u0107 i komfort<\/strong>, idealnie sprawdzaj\u0105c si\u0119 zar\u00f3wno na boisku, jak i w codziennym u\u017cytkowaniu.<\/p>\n<p data-start=\"971\" data-end=\"1342\">Sezon <strong data-start=\"977\" data-end=\"988\">2009\/10<\/strong> to czas, gdy Hiszpania, prowadzona przez <strong data-start=\"1030\" data-end=\"1052\">Vicente del Bosque<\/strong>, rozpocz\u0119\u0142a swoj\u0105 drog\u0119 do historycznego triumfu na <strong data-start=\"1105\" data-end=\"1140\">Mistrzostwach \u015awiata 2010 w RPA<\/strong>. W tamtym okresie w dru\u017cynie b\u0142yszczeli m.in. <strong data-start=\"1187\" data-end=\"1274\">Xavi, Andr\u00e9s Iniesta, Iker Casillas, David Villa, Carles Puyol oraz Fernando Torres<\/strong>, kt\u00f3rzy tworzyli jeden z najlepszych zespo\u0142\u00f3w w historii futbolu.<\/p>\n<p data-start=\"1344\" data-end=\"1573\">Ta koszulka to wyj\u0105tkowa propozycja dla <strong data-start=\"1384\" data-end=\"1409\">m\u0142odych fan\u00f3w La Roja<\/strong> oraz <strong data-start=\"1415\" data-end=\"1466\">kolekcjoner\u00f3w oryginalnych koszulek pi\u0142karskich<\/strong>, kt\u00f3rzy chc\u0105 posiada\u0107 egzemplarz z jednego z najwa\u017cniejszych okres\u00f3w w dziejach reprezentacji Hiszpanii.<\/p>","protected":false},"featured_media":16126,"template":"","meta":{"_kad_blocks_custom_css":"","_kad_blocks_head_custom_js":"","_kad_blocks_body_custom_js":"","_kad_blocks_footer_custom_js":"","_kad_post_transparent":"","_kad_post_title":"","_kad_post_layout":"","_kad_post_sidebar_id":"","_kad_post_content_style":"","_kad_post_vertical_padding":"","_kad_post_feature":"","_kad_post_feature_position":"","_kad_post_header":false,"_kad_post_footer":false},"product_brand":[45],"product_cat":[23,368,356,22],"product_tag":[],"class_list":{"0":"post-3307","1":"product","2":"type-product","3":"status-publish","4":"has-post-thumbnail","6":"product_brand-adidas","7":"product_cat-europa","8":"product_cat-hiszpania","9":"product_cat-koszulki-mlodziezowe","10":"product_cat-reprezentacje","11":"pa_rozmiar-158-cm","13":"first","14":"instock","15":"taxable","16":"shipping-taxable","17":"purchasable","18":"product-type-simple","19":"entry","20":"content-bg","21":"loop-entry"},"taxonomy_info":{"product_brand":[{"value":45,"label":"Adidas"}],"product_cat":[{"value":23,"label":"Europa"},{"value":368,"label":"Hiszpania"},{"value":356,"label":"Koszulki M\u0142odzie\u017cowe"},{"value":22,"label":"REPREZENTACJE"}],"pa_rozmiar":[{"value":355,"label":"158 cm"}]},"featured_image_src_large":["https:\/\/fts.you2.pl\/wp-content\/uploads\/2025\/09\/Photoroom_024_20250829_122435-1024x1024.png",1024,1024,true],"author_info":[],"comment_info":"","_links":{"self":[{"href":"https:\/\/fts.you2.pl\/en\/wp-json\/wp\/v2\/product\/3307","targetHints":{"allow":["GET"]}}],"collection":[{"href":"https:\/\/fts.you2.pl\/en\/wp-json\/wp\/v2\/product"}],"about":[{"href":"https:\/\/fts.you2.pl\/en\/wp-json\/wp\/v2\/types\/product"}],"wp:featuredmedia":[{"embeddable":true,"href":"https:\/\/fts.you2.pl\/en\/wp-json\/wp\/v2\/media\/16126"}],"wp:attachment":[{"href":"https:\/\/fts.you2.pl\/en\/wp-json\/wp\/v2\/media?parent=3307"}],"wp:term":[{"taxonomy":"product_brand","embeddable":true,"href":"https:\/\/fts.you2.pl\/en\/wp-json\/wp\/v2\/product_brand?post=3307"},{"taxonomy":"product_cat","embeddable":true,"href":"https:\/\/fts.you2.pl\/en\/wp-json\/wp\/v2\/product_cat?post=3307"},{"taxonomy":"product_tag","embeddable":true,"href":"https:\/\/fts.you2.pl\/en\/wp-json\/wp\/v2\/product_tag?post=3307"}],"curies":[{"name":"wp","href":"https:\/\/api.w.org\/{rel}","templated":true}]}}