{"id":3317,"date":"2025-08-31T15:32:40","date_gmt":"2025-08-31T13:32:40","guid":{"rendered":"https:\/\/fts.you2.pl\/index.php\/produkt\/koszulka-pilkarska-anglia-2020-22-away-158-cm\/"},"modified":"2025-09-19T18:31:24","modified_gmt":"2025-09-19T16:31:24","slug":"koszulka-pilkarska-anglia-2020-22-away-158-cm","status":"publish","type":"product","link":"https:\/\/fts.you2.pl\/en\/koszulka-pilkarska-anglia-2020-22-away-158-cm\/","title":{"rendered":"Koszulka pi\u0142karska Anglia 2020\/22 Away [158 cm]"},"content":{"rendered":"<p><strong>Klub:<\/strong> Anglia<\/p>\n<p><strong>Sezon:<\/strong> 2020\/22 Away<\/p>\n<p><strong>Rozmiar: <\/strong>158 cm<\/p>\n<p><strong>Stan:<\/strong> Dobry &#8211; miejscami pourywane szwy w dolnej cz\u0119\u015bci koszulki.<\/p>\n<p><strong>Wymiary (szeroko\u015b\u0107 pod pachami\/d\u0142ugo\u015b\u0107) w cm: <\/strong>43\/58<\/p>","protected":false},"excerpt":{"rendered":"<p data-start=\"0\" data-end=\"88\">Oryginalna koszulka pi\u0142karska <strong data-start=\"30\" data-end=\"86\">reprezentacji Anglii z lat 2020\/22 \u2013 produkcji Nike.<\/strong><\/p>\n<p data-start=\"90\" data-end=\"422\">Ta <strong data-start=\"93\" data-end=\"147\">oryginalna wyjazdowa koszulka reprezentacji Anglii<\/strong> z lat 2020\u20132022 zosta\u0142a zaprojektowana przez mark\u0119 Nike i przygotowana w wersji juniorskiej na wzrost <strong data-start=\"250\" data-end=\"260\">158 cm<\/strong>. Utrzymana w efektownej <strong data-start=\"285\" data-end=\"312\">niebieskiej kolorystyce<\/strong>, wyr\u00f3\u017cnia si\u0119 nowoczesnym designem z delikatnym wzorem na materiale, co nadaje jej dynamicznego charakteru.<\/p>\n<p data-start=\"424\" data-end=\"658\">Na piersi znajduje si\u0119 <strong data-start=\"447\" data-end=\"462\">herb Anglii<\/strong> oraz <strong data-start=\"468\" data-end=\"481\">logo Nike<\/strong>, a ca\u0142o\u015b\u0107 wykonano z lekkiego, przewiewnego materia\u0142u, kt\u00f3ry zapewnia <strong data-start=\"552\" data-end=\"602\">komfort, swobod\u0119 ruch\u00f3w i doskona\u0142\u0105 wentylacj\u0119<\/strong> \u2013 zar\u00f3wno podczas gry, jak i codziennego u\u017cytkowania.<\/p>\n<p data-start=\"660\" data-end=\"904\">W tym okresie reprezentacja Anglii zapisa\u0142a si\u0119 w historii, docieraj\u0105c do <strong data-start=\"734\" data-end=\"754\">fina\u0142u Euro 2020<\/strong> rozgrywanego na Wembley. Koszulka w wyjazdowej wersji sta\u0142a si\u0119 symbolem dru\u017cyny, kt\u00f3ra po latach zn\u00f3w zacz\u0119\u0142a realnie walczy\u0107 o najwi\u0119ksze trofea.<\/p>\n<p data-start=\"906\" data-end=\"1073\">To doskona\u0142a propozycja dla <strong data-start=\"934\" data-end=\"960\">m\u0142odych kibic\u00f3w Anglii<\/strong> oraz kolekcjoner\u00f3w, kt\u00f3rzy ceni\u0105 sobie <strong data-start=\"1000\" data-end=\"1070\">oryginalne stroje reprezentacyjne z wa\u017cnym kontekstem historycznym<\/strong>.<\/p>","protected":false},"featured_media":16209,"template":"","meta":{"_kad_blocks_custom_css":"","_kad_blocks_head_custom_js":"","_kad_blocks_body_custom_js":"","_kad_blocks_footer_custom_js":"","_kad_post_transparent":"","_kad_post_title":"","_kad_post_layout":"","_kad_post_sidebar_id":"","_kad_post_content_style":"","_kad_post_vertical_padding":"","_kad_post_feature":"","_kad_post_feature_position":"","_kad_post_header":false,"_kad_post_footer":false},"product_brand":[55],"product_cat":[24,23,356,22],"product_tag":[],"class_list":{"0":"post-3317","1":"product","2":"type-product","3":"status-publish","4":"has-post-thumbnail","6":"product_brand-nike","7":"product_cat-anglia","8":"product_cat-europa","9":"product_cat-koszulki-mlodziezowe","10":"product_cat-reprezentacje","11":"pa_rozmiar-158-cm","13":"first","14":"instock","15":"taxable","16":"shipping-taxable","17":"purchasable","18":"product-type-simple","19":"entry","20":"content-bg","21":"loop-entry"},"taxonomy_info":{"product_brand":[{"value":55,"label":"Nike"}],"product_cat":[{"value":24,"label":"Anglia"},{"value":23,"label":"Europa"},{"value":356,"label":"Koszulki M\u0142odzie\u017cowe"},{"value":22,"label":"REPREZENTACJE"}],"pa_rozmiar":[{"value":355,"label":"158 cm"}]},"featured_image_src_large":["https:\/\/fts.you2.pl\/wp-content\/uploads\/2025\/09\/Photoroom_028_20250829_122435-1024x1024.png",1024,1024,true],"author_info":[],"comment_info":"","_links":{"self":[{"href":"https:\/\/fts.you2.pl\/en\/wp-json\/wp\/v2\/product\/3317","targetHints":{"allow":["GET"]}}],"collection":[{"href":"https:\/\/fts.you2.pl\/en\/wp-json\/wp\/v2\/product"}],"about":[{"href":"https:\/\/fts.you2.pl\/en\/wp-json\/wp\/v2\/types\/product"}],"wp:featuredmedia":[{"embeddable":true,"href":"https:\/\/fts.you2.pl\/en\/wp-json\/wp\/v2\/media\/16209"}],"wp:attachment":[{"href":"https:\/\/fts.you2.pl\/en\/wp-json\/wp\/v2\/media?parent=3317"}],"wp:term":[{"taxonomy":"product_brand","embeddable":true,"href":"https:\/\/fts.you2.pl\/en\/wp-json\/wp\/v2\/product_brand?post=3317"},{"taxonomy":"product_cat","embeddable":true,"href":"https:\/\/fts.you2.pl\/en\/wp-json\/wp\/v2\/product_cat?post=3317"},{"taxonomy":"product_tag","embeddable":true,"href":"https:\/\/fts.you2.pl\/en\/wp-json\/wp\/v2\/product_tag?post=3317"}],"curies":[{"name":"wp","href":"https:\/\/api.w.org\/{rel}","templated":true}]}}