{"id":3322,"date":"2025-09-14T15:50:59","date_gmt":"2025-09-14T13:50:59","guid":{"rendered":"https:\/\/fts.you2.pl\/index.php\/produkt\/koszulka-pilkarska-rpa-2006-08-home-l\/"},"modified":"2025-09-19T18:33:34","modified_gmt":"2025-09-19T16:33:34","slug":"koszulka-pilkarska-rpa-2006-08-home-l","status":"publish","type":"product","link":"https:\/\/fts.you2.pl\/en\/koszulka-pilkarska-rpa-2006-08-home-l\/","title":{"rendered":"Koszulka pi\u0142karska RPA 2006\/08 Home [L]"},"content":{"rendered":"<p><strong>Klub:<\/strong> RPA<\/p>\n<p><strong>Sezon:<\/strong> 2006\/08 Home<\/p>\n<p><strong>Rozmiar: <\/strong>L<\/p>\n<p><strong>Stan:<\/strong> Dobry &#8211; nieznaczna ilo\u015b\u0107 mikro zaci\u0105gni\u0119\u0107 na froncie.<\/p>\n<p><strong>Wymiary (szeroko\u015b\u0107 pod pachami\/d\u0142ugo\u015b\u0107) w cm: <\/strong>54\/73<\/p>","protected":false},"excerpt":{"rendered":"<p data-start=\"0\" data-end=\"99\">Oryginalna koszulka pi\u0142karska <strong data-start=\"30\" data-end=\"97\">Republiki Po\u0142udniowej Afryki z lat 2006\/08 \u2013 produkcji Adidasa.<\/strong><\/p>\n<p data-start=\"101\" data-end=\"520\">Ta <strong data-start=\"104\" data-end=\"152\">oryginalna domowa koszulka reprezentacji RPA<\/strong> z lat 2006\u20132008 zosta\u0142a przygotowana przez firm\u0119 Adidas na bazie s\u0142ynnego projektu <strong data-start=\"236\" data-end=\"251\">\u201eTeamgeist\u201d<\/strong>, kt\u00f3ry sta\u0142 si\u0119 jednym z najbardziej rozpoznawalnych wzor\u00f3w pi\u0142karskich po\u0142owy pierwszej dekady XXI wieku. Koszulka utrzymana jest w charakterystycznej dla \u201eBafana Bafana\u201d <strong data-start=\"424\" data-end=\"454\">\u017c\u00f3\u0142to-zielonej kolorystyce<\/strong>, b\u0119d\u0105cej symbolem narodowych barw Republiki Po\u0142udniowej Afryki.<\/p>\n<p data-start=\"522\" data-end=\"845\">Na piersi umieszczono <strong data-start=\"544\" data-end=\"578\">herb federacji pi\u0142karskiej RPA<\/strong> oraz <strong data-start=\"584\" data-end=\"600\">logo Adidasa<\/strong>, a ca\u0142o\u015b\u0107 uzupe\u0142niaj\u0105 detale w zielonym kolorze, podkre\u015blaj\u0105ce dynamiczny i nowoczesny wygl\u0105d. Model wykonano z lekkiego i oddychaj\u0105cego materia\u0142u w technologii Climacool, kt\u00f3ry zapewnia\u0142 zawodnikom <strong data-start=\"800\" data-end=\"842\">komfort, przewiewno\u015b\u0107 i swobod\u0119 ruch\u00f3w<\/strong>.<\/p>\n<p data-start=\"847\" data-end=\"1196\">Koszulka ta by\u0142a u\u017cywana m.in. w okresie przygotowa\u0144 do <strong data-start=\"903\" data-end=\"929\">Mistrzostw \u015awiata 2010<\/strong>, kt\u00f3re odby\u0142y si\u0119 w Republice Po\u0142udniowej Afryki \u2013 pierwszym mundialu zorganizowanym na kontynencie afryka\u0144skim. Dzi\u0119ki temu egzemplarz nabiera <strong data-start=\"1074\" data-end=\"1111\">szczeg\u00f3lnej warto\u015bci historycznej<\/strong>, \u0142\u0105cz\u0105c nowoczesny design Adidasa z wyj\u0105tkowym znaczeniem dla futbolu w tym kraju.<\/p>\n<p data-start=\"1198\" data-end=\"1391\">To idealny wyb\u00f3r dla <strong data-start=\"1219\" data-end=\"1263\">kolekcjoner\u00f3w koszulek reprezentacyjnych<\/strong>, mi\u0142o\u015bnik\u00f3w afryka\u0144skiego futbolu oraz fan\u00f3w, kt\u00f3rzy poszukuj\u0105 <strong data-start=\"1327\" data-end=\"1388\">oryginalnych i kultowych modeli Adidasa z epoki Teamgeist<\/strong>.<\/p>","protected":false},"featured_media":16247,"template":"","meta":{"_kad_blocks_custom_css":"","_kad_blocks_head_custom_js":"","_kad_blocks_body_custom_js":"","_kad_blocks_footer_custom_js":"","_kad_post_transparent":"","_kad_post_title":"","_kad_post_layout":"","_kad_post_sidebar_id":"","_kad_post_content_style":"","_kad_post_vertical_padding":"","_kad_post_feature":"","_kad_post_feature_position":"","_kad_post_header":false,"_kad_post_footer":false},"product_brand":[45],"product_cat":[15,137,22],"product_tag":[],"class_list":{"0":"post-3322","1":"product","2":"type-product","3":"status-publish","4":"has-post-thumbnail","6":"product_brand-adidas","7":"product_cat-bez-kategorii","8":"product_cat-reprezentacje-afryka","9":"product_cat-reprezentacje","10":"pa_rozmiar-l","12":"first","13":"instock","14":"taxable","15":"shipping-taxable","16":"purchasable","17":"product-type-simple","18":"entry","19":"content-bg","20":"loop-entry"},"taxonomy_info":{"product_brand":[{"value":45,"label":"Adidas"}],"product_cat":[{"value":15,"label":"Bez kategorii"},{"value":137,"label":"Afryka"},{"value":22,"label":"REPREZENTACJE"}],"pa_rozmiar":[{"value":39,"label":"L"}]},"featured_image_src_large":["https:\/\/fts.you2.pl\/wp-content\/uploads\/2025\/09\/Photoroom_036_20250911_112109-1024x1024.png",1024,1024,true],"author_info":[],"comment_info":"","_links":{"self":[{"href":"https:\/\/fts.you2.pl\/en\/wp-json\/wp\/v2\/product\/3322","targetHints":{"allow":["GET"]}}],"collection":[{"href":"https:\/\/fts.you2.pl\/en\/wp-json\/wp\/v2\/product"}],"about":[{"href":"https:\/\/fts.you2.pl\/en\/wp-json\/wp\/v2\/types\/product"}],"wp:featuredmedia":[{"embeddable":true,"href":"https:\/\/fts.you2.pl\/en\/wp-json\/wp\/v2\/media\/16247"}],"wp:attachment":[{"href":"https:\/\/fts.you2.pl\/en\/wp-json\/wp\/v2\/media?parent=3322"}],"wp:term":[{"taxonomy":"product_brand","embeddable":true,"href":"https:\/\/fts.you2.pl\/en\/wp-json\/wp\/v2\/product_brand?post=3322"},{"taxonomy":"product_cat","embeddable":true,"href":"https:\/\/fts.you2.pl\/en\/wp-json\/wp\/v2\/product_cat?post=3322"},{"taxonomy":"product_tag","embeddable":true,"href":"https:\/\/fts.you2.pl\/en\/wp-json\/wp\/v2\/product_tag?post=3322"}],"curies":[{"name":"wp","href":"https:\/\/api.w.org\/{rel}","templated":true}]}}