{"id":3325,"date":"2025-09-14T15:50:57","date_gmt":"2025-09-14T13:50:57","guid":{"rendered":"https:\/\/fts.you2.pl\/index.php\/produkt\/koszulka-pilkarska-niemcy-2006-08-home-xl\/"},"modified":"2025-09-19T18:34:59","modified_gmt":"2025-09-19T16:34:59","slug":"koszulka-pilkarska-niemcy-2006-08-home-xl","status":"publish","type":"product","link":"https:\/\/fts.you2.pl\/en\/koszulka-pilkarska-niemcy-2006-08-home-xl\/","title":{"rendered":"Koszulka pi\u0142karska Niemcy 2006\/08 Home [XL]"},"content":{"rendered":"<p><strong>Klub:<\/strong> Niemcy<\/p>\n<p><strong>Sezon:<\/strong> 2006\/08 Home<\/p>\n<p><strong>Rozmiar: <\/strong>XL<\/p>\n<p><strong>Stan:<\/strong> Doskona\u0142y<\/p>\n<p><strong>Wymiary (szeroko\u015b\u0107 pod pachami\/d\u0142ugo\u015b\u0107) w cm: <\/strong>55\/75(prz\u00f3d), 79ty\u0142)<\/p>","protected":false},"excerpt":{"rendered":"<p data-start=\"0\" data-end=\"92\">Oryginalna koszulka pi\u0142karska <strong data-start=\"30\" data-end=\"90\">reprezentacji Niemiec z lat 2006\/08 \u2013 produkcji Adidasa.<\/strong><\/p>\n<p data-start=\"94\" data-end=\"508\">Ta <strong data-start=\"97\" data-end=\"149\">oryginalna domowa koszulka reprezentacji Niemiec<\/strong> z lat 2006\u20132008 zosta\u0142a przygotowana przez firm\u0119 Adidas w oparciu o s\u0142ynny projekt <strong data-start=\"233\" data-end=\"246\">TeamGeist<\/strong>, kt\u00f3ry sta\u0142 si\u0119 jednym z najbardziej rozpoznawalnych wzor\u00f3w w historii pi\u0142karskich stroj\u00f3w. Utrzymana w tradycyjnej dla \u201eDie Mannschaft\u201d <strong data-start=\"384\" data-end=\"406\">bia\u0142ej kolorystyce<\/strong>, wyr\u00f3\u017cnia si\u0119 <strong data-start=\"421\" data-end=\"455\">czarnymi i czerwonymi detalami<\/strong> na ramionach oraz dynamicznym, nowoczesnym krojem.<\/p>\n<p data-start=\"510\" data-end=\"855\">Na piersi umieszczono <strong data-start=\"532\" data-end=\"583\">herb Deutscher Fu\u00dfball-Bund z trzema gwiazdkami<\/strong> symbolizuj\u0105cymi mistrzostwa \u015bwiata zdobyte do tamtego czasu, a obok znalaz\u0142o si\u0119 <strong data-start=\"665\" data-end=\"681\">logo Adidasa<\/strong>, podkre\u015blaj\u0105ce autentyczno\u015b\u0107 modelu. Koszulka wykonana zosta\u0142a z materia\u0142u w technologii Climacool, co zapewnia\u0142o zawodnikom <strong data-start=\"807\" data-end=\"852\">lekko\u015b\u0107, przewiewno\u015b\u0107 i pe\u0142en komfort gry<\/strong>.<\/p>\n<p data-start=\"857\" data-end=\"1234\">To w\u0142a\u015bnie w tym wzorze Niemcy wyst\u0105pili jako gospodarze <strong data-start=\"914\" data-end=\"940\">Mistrzostw \u015awiata 2006<\/strong>, gdzie dotarli do p\u00f3\u0142fina\u0142u, zdobywaj\u0105c ostatecznie trzecie miejsce. Model by\u0142 u\u017cywany r\u00f3wnie\u017c w eliminacjach i meczach towarzyskich a\u017c do 2008 roku. Dzi\u0119ki temu koszulka sta\u0142a si\u0119 <strong data-start=\"1122\" data-end=\"1165\">kultowym symbolem ery Klinsmanna i L\u00f6wa<\/strong>, a tak\u017ce pocz\u0105tkiem nowego etapu w historii reprezentacji Niemiec.<\/p>\n<p data-start=\"1236\" data-end=\"1431\">To doskona\u0142y wyb\u00f3r dla <strong data-start=\"1259\" data-end=\"1303\">kolekcjoner\u00f3w koszulek reprezentacyjnych<\/strong>, fan\u00f3w futbolu lat 2000. oraz wszystkich, kt\u00f3rzy poszukuj\u0105 <strong data-start=\"1363\" data-end=\"1428\">oryginalnych i historycznych modeli Adidasa z serii TeamGeist<\/strong>.<\/p>","protected":false},"featured_media":16272,"template":"","meta":{"_kad_blocks_custom_css":"","_kad_blocks_head_custom_js":"","_kad_blocks_body_custom_js":"","_kad_blocks_footer_custom_js":"","_kad_post_transparent":"","_kad_post_title":"","_kad_post_layout":"","_kad_post_sidebar_id":"","_kad_post_content_style":"","_kad_post_vertical_padding":"","_kad_post_feature":"","_kad_post_feature_position":"","_kad_post_header":false,"_kad_post_footer":false},"product_brand":[45],"product_cat":[15,23,143,22],"product_tag":[],"class_list":{"0":"post-3325","1":"product","2":"type-product","3":"status-publish","4":"has-post-thumbnail","6":"product_brand-adidas","7":"product_cat-bez-kategorii","8":"product_cat-europa","9":"product_cat-niemcy","10":"product_cat-reprezentacje","11":"pa_rozmiar-xl","13":"first","14":"instock","15":"taxable","16":"shipping-taxable","17":"purchasable","18":"product-type-simple","19":"entry","20":"content-bg","21":"loop-entry"},"taxonomy_info":{"product_brand":[{"value":45,"label":"Adidas"}],"product_cat":[{"value":15,"label":"Bez kategorii"},{"value":23,"label":"Europa"},{"value":143,"label":"Niemcy"},{"value":22,"label":"REPREZENTACJE"}],"pa_rozmiar":[{"value":57,"label":"XL"}]},"featured_image_src_large":["https:\/\/fts.you2.pl\/wp-content\/uploads\/2025\/09\/Photoroom_012_20250911_112108-1024x1024.png",1024,1024,true],"author_info":[],"comment_info":"","_links":{"self":[{"href":"https:\/\/fts.you2.pl\/en\/wp-json\/wp\/v2\/product\/3325","targetHints":{"allow":["GET"]}}],"collection":[{"href":"https:\/\/fts.you2.pl\/en\/wp-json\/wp\/v2\/product"}],"about":[{"href":"https:\/\/fts.you2.pl\/en\/wp-json\/wp\/v2\/types\/product"}],"wp:featuredmedia":[{"embeddable":true,"href":"https:\/\/fts.you2.pl\/en\/wp-json\/wp\/v2\/media\/16272"}],"wp:attachment":[{"href":"https:\/\/fts.you2.pl\/en\/wp-json\/wp\/v2\/media?parent=3325"}],"wp:term":[{"taxonomy":"product_brand","embeddable":true,"href":"https:\/\/fts.you2.pl\/en\/wp-json\/wp\/v2\/product_brand?post=3325"},{"taxonomy":"product_cat","embeddable":true,"href":"https:\/\/fts.you2.pl\/en\/wp-json\/wp\/v2\/product_cat?post=3325"},{"taxonomy":"product_tag","embeddable":true,"href":"https:\/\/fts.you2.pl\/en\/wp-json\/wp\/v2\/product_tag?post=3325"}],"curies":[{"name":"wp","href":"https:\/\/api.w.org\/{rel}","templated":true}]}}