{"id":3330,"date":"2025-09-14T15:50:55","date_gmt":"2025-09-14T13:50:55","guid":{"rendered":"https:\/\/fts.you2.pl\/index.php\/produkt\/koszulka-pilkarska-fc-bayern-monachium-2014-15-home-9-lewandowski-l\/"},"modified":"2025-09-19T18:37:10","modified_gmt":"2025-09-19T16:37:10","slug":"koszulka-pilkarska-fc-bayern-monachium-2014-15-home-9-lewandowski-l","status":"publish","type":"product","link":"https:\/\/fts.you2.pl\/en\/koszulka-pilkarska-fc-bayern-monachium-2014-15-home-9-lewandowski-l\/","title":{"rendered":"Koszulka pi\u0142karska FC Bayern Monachium 2014\/15 Home 9 Lewandowski [L]"},"content":{"rendered":"<p><strong>Klub:<\/strong> FC Bayern Monachium<\/p>\n<p><strong>Sezon:<\/strong> 2014\/15 Home<\/p>\n<p><strong>Rozmiar: <\/strong>L<\/p>\n<p><strong>Stan:<\/strong> Dobry &#8211; pop\u0119kane oraz uszkodzone nadruki na plecach.<\/p>\n<p><strong>Wymiary (szeroko\u015b\u0107 pod pachami\/d\u0142ugo\u015b\u0107) w cm: <\/strong>52\/73<\/p>","protected":false},"excerpt":{"rendered":"<p data-start=\"0\" data-end=\"91\">Oryginalna koszulka pi\u0142karska <strong data-start=\"30\" data-end=\"89\">Bayernu Monachium z sezonu 2014\/15 \u2013 produkcji Adidasa.<\/strong><\/p>\n<p data-start=\"93\" data-end=\"409\">Ta <strong data-start=\"96\" data-end=\"144\">oryginalna domowa koszulka Bayernu Monachium<\/strong> z sezonu 2014\/15 zosta\u0142a zaprojektowana przez firm\u0119 Adidas i wyr\u00f3\u017cnia si\u0119 klasycznym designem w postaci <strong data-start=\"249\" data-end=\"299\">ciemnoniebieskich i czerwonych pionowych pas\u00f3w<\/strong>. Projekt nawi\u0105zuje do historycznych koszulek z 1995 roku, \u0142\u0105cz\u0105c w sobie elementy tradycji i nowoczesno\u015bci.<\/p>\n<p data-start=\"411\" data-end=\"714\">Egzemplarz ten posiada <strong data-start=\"434\" data-end=\"478\">oryginalny nadruk Roberta Lewandowskiego<\/strong>, kt\u00f3ry w sezonie 2014\/15 zadebiutowa\u0142 w barwach Bayernu po transferze z Borussii Dortmund. Na froncie znajduje si\u0119 <strong data-start=\"594\" data-end=\"620\">herb Bayernu Monachium<\/strong>, <strong data-start=\"622\" data-end=\"638\">logo Adidasa<\/strong> oraz nadruk sponsora <strong data-start=\"660\" data-end=\"672\">T-Mobile<\/strong>, potwierdzaj\u0105ce autentyczno\u015b\u0107 koszulki.<\/p>\n<p data-start=\"716\" data-end=\"878\">Model wykonano w technologii Climacool, dzi\u0119ki czemu gwarantuje on <strong data-start=\"783\" data-end=\"825\">komfort, przewiewno\u015b\u0107 i swobod\u0119 ruch\u00f3w<\/strong> \u2013 zar\u00f3wno podczas gry, jak i codziennego noszenia.<\/p>\n<p data-start=\"880\" data-end=\"1151\">Sezon 2014\/15 by\u0142 pocz\u0105tkiem <strong data-start=\"909\" data-end=\"950\">ery Roberta Lewandowskiego w Bayernie<\/strong>, kt\u00f3ry szybko sta\u0142 si\u0119 jednym z najwa\u017cniejszych pi\u0142karzy w historii klubu. Dzi\u0119ki temu koszulka z jego nazwiskiem ma dzi\u015b nie tylko warto\u015b\u0107 sportow\u0105, ale tak\u017ce <strong data-start=\"1111\" data-end=\"1148\">wyj\u0105tkowy kontekst kolekcjonerski<\/strong>.<\/p>\n<p data-start=\"1153\" data-end=\"1361\">To doskona\u0142y wyb\u00f3r dla <strong data-start=\"1176\" data-end=\"1193\">fan\u00f3w Bayernu<\/strong>, sympatyk\u00f3w Roberta Lewandowskiego oraz kolekcjoner\u00f3w, kt\u00f3rzy poszukuj\u0105 <strong data-start=\"1266\" data-end=\"1358\">oryginalnych koszulek nawi\u0105zuj\u0105cych do klasycznych wzor\u00f3w i historycznych moment\u00f3w klubu<\/strong>.<\/p>","protected":false},"featured_media":16309,"template":"","meta":{"_kad_blocks_custom_css":"","_kad_blocks_head_custom_js":"","_kad_blocks_body_custom_js":"","_kad_blocks_footer_custom_js":"","_kad_post_transparent":"","_kad_post_title":"","_kad_post_layout":"","_kad_post_sidebar_id":"","_kad_post_content_style":"","_kad_post_vertical_padding":"","_kad_post_feature":"","_kad_post_feature_position":"","_kad_post_header":false,"_kad_post_footer":false},"product_brand":[45],"product_cat":[15,100,31,46,298],"product_tag":[],"class_list":{"0":"post-3330","1":"product","2":"type-product","3":"status-publish","4":"has-post-thumbnail","6":"product_brand-adidas","7":"product_cat-bez-kategorii","8":"product_cat-fc-bayern-monachium","9":"product_cat-kluby-europejskie","10":"product_cat-kluby-niemieckie","11":"product_cat-polscy-pilkarze","12":"pa_rozmiar-l","14":"first","15":"instock","16":"taxable","17":"shipping-taxable","18":"purchasable","19":"product-type-simple","20":"entry","21":"content-bg","22":"loop-entry"},"taxonomy_info":{"product_brand":[{"value":45,"label":"Adidas"}],"product_cat":[{"value":15,"label":"Bez kategorii"},{"value":100,"label":"FC Bayern Monachium"},{"value":31,"label":"Kluby Europejskie"},{"value":46,"label":"Kluby Niemieckie"},{"value":298,"label":"POLSCY PI\u0141KARZE"}],"pa_rozmiar":[{"value":39,"label":"L"}]},"featured_image_src_large":["https:\/\/fts.you2.pl\/wp-content\/uploads\/2025\/09\/Photoroom_021_20250911_112109-1024x1024.png",1024,1024,true],"author_info":[],"comment_info":"","_links":{"self":[{"href":"https:\/\/fts.you2.pl\/en\/wp-json\/wp\/v2\/product\/3330","targetHints":{"allow":["GET"]}}],"collection":[{"href":"https:\/\/fts.you2.pl\/en\/wp-json\/wp\/v2\/product"}],"about":[{"href":"https:\/\/fts.you2.pl\/en\/wp-json\/wp\/v2\/types\/product"}],"wp:featuredmedia":[{"embeddable":true,"href":"https:\/\/fts.you2.pl\/en\/wp-json\/wp\/v2\/media\/16309"}],"wp:attachment":[{"href":"https:\/\/fts.you2.pl\/en\/wp-json\/wp\/v2\/media?parent=3330"}],"wp:term":[{"taxonomy":"product_brand","embeddable":true,"href":"https:\/\/fts.you2.pl\/en\/wp-json\/wp\/v2\/product_brand?post=3330"},{"taxonomy":"product_cat","embeddable":true,"href":"https:\/\/fts.you2.pl\/en\/wp-json\/wp\/v2\/product_cat?post=3330"},{"taxonomy":"product_tag","embeddable":true,"href":"https:\/\/fts.you2.pl\/en\/wp-json\/wp\/v2\/product_tag?post=3330"}],"curies":[{"name":"wp","href":"https:\/\/api.w.org\/{rel}","templated":true}]}}