{"id":3333,"date":"2025-09-14T15:50:54","date_gmt":"2025-09-14T13:50:54","guid":{"rendered":"https:\/\/fts.you2.pl\/index.php\/produkt\/koszulka-pilkarska-dc-united-2000-02-away-l\/"},"modified":"2025-09-19T18:38:46","modified_gmt":"2025-09-19T16:38:46","slug":"koszulka-pilkarska-dc-united-2000-02-away-l","status":"publish","type":"product","link":"https:\/\/fts.you2.pl\/en\/koszulka-pilkarska-dc-united-2000-02-away-l\/","title":{"rendered":"Koszulka pi\u0142karska DC United 2000\/02 Away [L]"},"content":{"rendered":"<p><strong>Klub:<\/strong> DC United<\/p>\n<p><strong>Sezon:<\/strong> 2000\/02 Away<\/p>\n<p><strong>Rozmiar: <\/strong>L<\/p>\n<p><strong>Stan:<\/strong> Bardzo dobry &#8211; dwa mikro zaci\u0105gni\u0119cia oraz jedno drobne zabrudzenie.<\/p>\n<p><strong>Wymiary (szeroko\u015b\u0107 pod pachami\/d\u0142ugo\u015b\u0107) w cm: <\/strong>58\/79<\/p>","protected":false},"excerpt":{"rendered":"<p data-start=\"0\" data-end=\"86\">Oryginalna koszulka pi\u0142karska <strong data-start=\"30\" data-end=\"84\">DC United z sezon\u00f3w 2000\u20132002 \u2013 produkcji Adidasa.<\/strong><\/p>\n<p data-start=\"88\" data-end=\"472\">Ta <strong data-start=\"91\" data-end=\"134\">oryginalna wyjazdowa koszulka DC United<\/strong> z lat 2000\u20132002 zosta\u0142a zaprojektowana przez firm\u0119 Adidas i utrzymana w klasycznej <strong data-start=\"218\" data-end=\"240\">bia\u0142ej kolorystyce<\/strong>, wzbogaconej o liczne <strong data-start=\"263\" data-end=\"282\">czerwone detale<\/strong>. Wyr\u00f3\u017cnia j\u0105 stylowy <strong data-start=\"304\" data-end=\"318\">ko\u0142nierzyk<\/strong>, charakterystyczne <strong data-start=\"338\" data-end=\"368\">paski Adidasa na r\u0119kawkach<\/strong> oraz <strong data-start=\"374\" data-end=\"431\">poziome pasy na froncie w okolicach klatki piersiowej<\/strong>, nadaj\u0105ce jej dynamicznego charakteru.<\/p>\n<p data-start=\"474\" data-end=\"717\">Na r\u0119kawie widnieje <strong data-start=\"494\" data-end=\"524\">klasyczny, retro patch MLS<\/strong>, kt\u00f3ry podkre\u015bla autentyczno\u015b\u0107 modelu i jego wyj\u0105tkow\u0105 warto\u015b\u0107 kolekcjonersk\u0105. Wersja ta zosta\u0142a wydana <strong data-start=\"629\" data-end=\"653\">bez nadruku sponsora<\/strong>, dzi\u0119ki czemu eksponuje czysty, ponadczasowy design koszulki.<\/p>\n<p data-start=\"719\" data-end=\"907\">Na froncie umieszczono <strong data-start=\"742\" data-end=\"760\">herb DC United<\/strong> oraz <strong data-start=\"766\" data-end=\"782\">logo Adidasa<\/strong>, a ca\u0142o\u015b\u0107 wykonano z lekkiego i przewiewnego materia\u0142u, zapewniaj\u0105cego <strong data-start=\"854\" data-end=\"892\">komfort, trwa\u0142o\u015b\u0107 i swobod\u0119 ruch\u00f3w<\/strong> podczas gry.<\/p>\n<p data-start=\"909\" data-end=\"1172\">Koszulka pochodzi z okresu, w kt\u00f3rym DC United umacnia\u0142o swoj\u0105 pozycj\u0119 jako jeden z najbardziej utytu\u0142owanych klub\u00f3w w historii MLS. Dzi\u015b ten model uchodzi za <strong data-start=\"1068\" data-end=\"1124\">kultowy przyk\u0142ad projekt\u00f3w Adidasa z prze\u0142omu wiek\u00f3w<\/strong>, \u0142\u0105cz\u0105cych nowoczesny styl z klasyczn\u0105 form\u0105.<\/p>\n<p data-start=\"1174\" data-end=\"1340\">To idealny wyb\u00f3r dla <strong data-start=\"1195\" data-end=\"1225\">kolekcjoner\u00f3w koszulek MLS<\/strong>, fan\u00f3w DC United oraz mi\u0142o\u015bnik\u00f3w futbolu, kt\u00f3rzy poszukuj\u0105 <strong data-start=\"1285\" data-end=\"1337\">oryginalnych i historycznych stroj\u00f3w pi\u0142karskich<\/strong>.<\/p>","protected":false},"featured_media":16334,"template":"","meta":{"_kad_blocks_custom_css":"","_kad_blocks_head_custom_js":"","_kad_blocks_body_custom_js":"","_kad_blocks_footer_custom_js":"","_kad_post_transparent":"","_kad_post_title":"","_kad_post_layout":"","_kad_post_sidebar_id":"","_kad_post_content_style":"","_kad_post_vertical_padding":"","_kad_post_feature":"","_kad_post_feature_position":"","_kad_post_header":false,"_kad_post_footer":false},"product_brand":[45],"product_cat":[15,37,36],"product_tag":[],"class_list":{"0":"post-3333","1":"product","2":"type-product","3":"status-publish","4":"has-post-thumbnail","6":"product_brand-adidas","7":"product_cat-bez-kategorii","8":"product_cat-ameryka-srodkowa-i-polnocna","9":"product_cat-kluby-reszty-swiata","10":"pa_rozmiar-l","12":"first","13":"instock","14":"taxable","15":"shipping-taxable","16":"purchasable","17":"product-type-simple","18":"entry","19":"content-bg","20":"loop-entry"},"taxonomy_info":{"product_brand":[{"value":45,"label":"Adidas"}],"product_cat":[{"value":15,"label":"Bez kategorii"},{"value":37,"label":"Ameryka \u015arodkowa i P\u00f3\u0142nocna"},{"value":36,"label":"Kluby Reszty \u015awiata"}],"pa_rozmiar":[{"value":39,"label":"L"}]},"featured_image_src_large":["https:\/\/fts.you2.pl\/wp-content\/uploads\/2025\/09\/Photoroom_006_20250911_112108-1024x1024.png",1024,1024,true],"author_info":[],"comment_info":"","_links":{"self":[{"href":"https:\/\/fts.you2.pl\/en\/wp-json\/wp\/v2\/product\/3333","targetHints":{"allow":["GET"]}}],"collection":[{"href":"https:\/\/fts.you2.pl\/en\/wp-json\/wp\/v2\/product"}],"about":[{"href":"https:\/\/fts.you2.pl\/en\/wp-json\/wp\/v2\/types\/product"}],"wp:featuredmedia":[{"embeddable":true,"href":"https:\/\/fts.you2.pl\/en\/wp-json\/wp\/v2\/media\/16334"}],"wp:attachment":[{"href":"https:\/\/fts.you2.pl\/en\/wp-json\/wp\/v2\/media?parent=3333"}],"wp:term":[{"taxonomy":"product_brand","embeddable":true,"href":"https:\/\/fts.you2.pl\/en\/wp-json\/wp\/v2\/product_brand?post=3333"},{"taxonomy":"product_cat","embeddable":true,"href":"https:\/\/fts.you2.pl\/en\/wp-json\/wp\/v2\/product_cat?post=3333"},{"taxonomy":"product_tag","embeddable":true,"href":"https:\/\/fts.you2.pl\/en\/wp-json\/wp\/v2\/product_tag?post=3333"}],"curies":[{"name":"wp","href":"https:\/\/api.w.org\/{rel}","templated":true}]}}