{"id":3334,"date":"2025-09-14T15:50:53","date_gmt":"2025-09-14T13:50:53","guid":{"rendered":"https:\/\/fts.you2.pl\/index.php\/produkt\/koszulka-pilkarska-charlton-athletic-2002-03-home-xxl\/"},"modified":"2025-09-19T18:39:17","modified_gmt":"2025-09-19T16:39:17","slug":"koszulka-pilkarska-charlton-athletic-2002-03-home-xxl","status":"publish","type":"product","link":"https:\/\/fts.you2.pl\/en\/koszulka-pilkarska-charlton-athletic-2002-03-home-xxl\/","title":{"rendered":"Koszulka pi\u0142karska Charlton Athletic 2002\/03 Home [XXL]"},"content":{"rendered":"<p><strong>Klub:<\/strong> Charlton Athletic<\/p>\n<p><strong>Sezon:<\/strong> 2002\/03 Home<\/p>\n<p><strong>Rozmiar: <\/strong>XXL<\/p>\n<p><strong>Stan:<\/strong> Bardzo dobry &#8211; mikro plamka na ko\u0142nierzyku oraz dwa mikro zaci\u0105gni\u0119cia na plecach.<\/p>\n<p><strong>Wymiary (szeroko\u015b\u0107 pod pachami\/d\u0142ugo\u015b\u0107) w cm: <\/strong>64\/79<\/p>","protected":false},"excerpt":{"rendered":"<p data-start=\"0\" data-end=\"98\">Oryginalna koszulka pi\u0142karska <strong data-start=\"30\" data-end=\"96\">Charlton Athletic z sezonu 2002\/03 \u2013 produkcji Le Coq Sportif.<\/strong><\/p>\n<p data-start=\"100\" data-end=\"452\">Ta <strong data-start=\"103\" data-end=\"151\">oryginalna domowa koszulka Charlton Athletic<\/strong> z sezonu 2002\/03 to klasyczny projekt marki Le Coq Sportif, utrzymany w tradycyjnym dla \u201eThe Addicks\u201d <strong data-start=\"254\" data-end=\"275\">czerwonym kolorze<\/strong>. Jej prosty i elegancki styl podkre\u015bla <strong data-start=\"315\" data-end=\"343\">bia\u0142y ko\u0142nierzyk w serek<\/strong>, kt\u00f3ry nadaje ca\u0142o\u015bci retro charakteru, charakterystycznego dla koszulek pi\u0142karskich z pocz\u0105tku XXI wieku.<\/p>\n<p data-start=\"454\" data-end=\"769\">Na froncie widnieje <strong data-start=\"474\" data-end=\"504\">nadruk sponsora All Sports<\/strong>, a obok znalaz\u0142y si\u0119 <strong data-start=\"526\" data-end=\"540\">herb klubu<\/strong> oraz <strong data-start=\"546\" data-end=\"569\">logo Le Coq Sportif<\/strong>, potwierdzaj\u0105ce autentyczno\u015b\u0107 tego egzemplarza. Koszulka zosta\u0142a wykonana z lekkiego i przewiewnego materia\u0142u, kt\u00f3ry zapewnia\u0142 zawodnikom <strong data-start=\"708\" data-end=\"736\">komfort i swobod\u0119 ruch\u00f3w<\/strong> podczas mecz\u00f3w Premier League.<\/p>\n<p data-start=\"771\" data-end=\"1001\">Sezon 2002\/03 by\u0142 dla Charltonu udany \u2013 dru\u017cyna prowadzona przez Alana Curbishleya rywalizowa\u0142a w <strong data-start=\"869\" data-end=\"899\">angielskiej Premier League<\/strong>, zajmuj\u0105c miejsce w g\u00f3rnej po\u0142owie tabeli i odnosz\u0105c pami\u0119tne zwyci\u0119stwa nad silniejszymi rywalami.<\/p>\n<p data-start=\"1003\" data-end=\"1201\">To doskona\u0142y wyb\u00f3r dla <strong data-start=\"1026\" data-end=\"1053\">fan\u00f3w Charlton Athletic<\/strong>, pasjonat\u00f3w Premier League z pocz\u0105tku XXI wieku oraz kolekcjoner\u00f3w poszukuj\u0105cych <strong data-start=\"1135\" data-end=\"1198\">oryginalnych koszulek pi\u0142karskich z historycznym kontekstem<\/strong>.<\/p>","protected":false},"featured_media":16343,"template":"","meta":{"_kad_blocks_custom_css":"","_kad_blocks_head_custom_js":"","_kad_blocks_body_custom_js":"","_kad_blocks_footer_custom_js":"","_kad_post_transparent":"","_kad_post_title":"","_kad_post_layout":"","_kad_post_sidebar_id":"","_kad_post_content_style":"","_kad_post_vertical_padding":"","_kad_post_feature":"","_kad_post_feature_position":"","_kad_post_header":false,"_kad_post_footer":false},"product_brand":[96],"product_cat":[15,32,31,33],"product_tag":[],"class_list":{"0":"post-3334","1":"product","2":"type-product","3":"status-publish","4":"has-post-thumbnail","6":"product_brand-le-coq-sportif","7":"product_cat-bez-kategorii","8":"product_cat-kluby-angielskie","9":"product_cat-kluby-europejskie","10":"product_cat-pozostale-kluby-angielskie","11":"pa_rozmiar-xxl","13":"first","14":"instock","15":"taxable","16":"shipping-taxable","17":"purchasable","18":"product-type-simple","19":"entry","20":"content-bg","21":"loop-entry"},"taxonomy_info":{"product_brand":[{"value":96,"label":"Le Coq Sportif"}],"product_cat":[{"value":15,"label":"Bez kategorii"},{"value":32,"label":"Kluby Angielskie"},{"value":31,"label":"Kluby Europejskie"},{"value":33,"label":"Pozosta\u0142e kluby angielskie"}],"pa_rozmiar":[{"value":71,"label":"XXL"}]},"featured_image_src_large":["https:\/\/fts.you2.pl\/wp-content\/uploads\/2025\/09\/Photoroom_000_20250911_112108-1024x1024.png",1024,1024,true],"author_info":[],"comment_info":"","_links":{"self":[{"href":"https:\/\/fts.you2.pl\/en\/wp-json\/wp\/v2\/product\/3334","targetHints":{"allow":["GET"]}}],"collection":[{"href":"https:\/\/fts.you2.pl\/en\/wp-json\/wp\/v2\/product"}],"about":[{"href":"https:\/\/fts.you2.pl\/en\/wp-json\/wp\/v2\/types\/product"}],"wp:featuredmedia":[{"embeddable":true,"href":"https:\/\/fts.you2.pl\/en\/wp-json\/wp\/v2\/media\/16343"}],"wp:attachment":[{"href":"https:\/\/fts.you2.pl\/en\/wp-json\/wp\/v2\/media?parent=3334"}],"wp:term":[{"taxonomy":"product_brand","embeddable":true,"href":"https:\/\/fts.you2.pl\/en\/wp-json\/wp\/v2\/product_brand?post=3334"},{"taxonomy":"product_cat","embeddable":true,"href":"https:\/\/fts.you2.pl\/en\/wp-json\/wp\/v2\/product_cat?post=3334"},{"taxonomy":"product_tag","embeddable":true,"href":"https:\/\/fts.you2.pl\/en\/wp-json\/wp\/v2\/product_tag?post=3334"}],"curies":[{"name":"wp","href":"https:\/\/api.w.org\/{rel}","templated":true}]}}